{"id":165,"date":"2022-11-04T10:32:02","date_gmt":"2022-11-04T09:32:02","guid":{"rendered":"https:\/\/www.dofero.be\/?page_id=165"},"modified":"2023-12-22T19:12:46","modified_gmt":"2023-12-22T18:12:46","slug":"mesmerize-2-3","status":"publish","type":"page","link":"https:\/\/www.dofero.be\/?page_id=165","title":{"rendered":"Frans"},"content":{"rendered":"<div  data-label=\"Cta\" data-id=\"cta--1\" data-export-id=\"cta-centered-bg-section\" data-category=\"cta\" data-section-ov=\"1\" class=\"cta-centered-bg-section content-section content-section-spacing-medium content-relative dark-text\" data-parallax-depth=\"20\" id=\"cta-1\" style=\"background-color: rgba(255, 255, 255, 0); background-image: none;\"><div  class=\"section-separator-top\">\n    <svg  xmlns=\"http:\/\/www.w3.org\/2000\/svg\" viewBox=\"0 0 1000 100\" preserveAspectRatio=\"none\" data-separator-name=\"curve-asymmetrical-negative\" class=\"section-separator-top\">\n\t<path  class=\"svg-white-bg\" d=\"M615.2,96.7C240.2,97.8,0,18.9,0,0v100h1000V0C1000,19.2,989.8,96,615.2,96.7z\"><\/path>\n<\/svg>\n<\/div><div  class=\"gridContainer\"> <div  class=\"row text-center\"><div  data-type=\"column\" class=\"\"> <h2  class=\"no-after\" data-ms-editor=\"true\">Ecrire. Traduire. Concevoir.<br >\n3 de nos talents, mais pas forc\u00e9ment dans cet ordre\u2026<\/h2> <\/div> <\/div><\/div> <div  class=\"section-separator-bottom\">\n    <svg  xmlns=\"http:\/\/www.w3.org\/2000\/svg\" viewBox=\"0 0 1000 100\" preserveAspectRatio=\"none\" data-separator-name=\"curve-asymmetrical\" class=\"section-separator-bottom\">\n\t<path  class=\"svg-white-bg\" d=\"M0,0c0,0,0,6,0,6.7c0,18,240.2,93.6,615.2,92.6C989.8,98.5,1000,25,1000,6.7c0-0.7,0-6.7,0-6.7H0z\"><\/path>\n<\/svg>\n<\/div><\/div><div  data-label=\"Overlappable\" data-id=\"overlappable--1\" data-export-id=\"overlappable-4\" data-category=\"overlappable\" class=\"overlappable-4 content-section content-section-spacing content-relative\" data-overlap=\"true\" id=\"overlappable-1\" style=\"background-color: rgb(255, 255, 255);\">\n<div  class=\"gridContainer\">\n<div  data-type=\"row\" class=\"row spaced-cols text-center\">\n<div  class=\"col-xs-12 col-sm-4 col-padding col-md-3 \"> <a  data-cp-link=\"1\" href=\"#\"><i  class=\"fa icon shadow-large-black aligncenter fa-clipboard reverse round large color1\"><\/i><\/a>\n<div  data-type=\"column\" class=\"\">\n<h5  class=\"\" data-ms-editor=\"true\">Manuals.<\/h5>\n<p  class=\"\" data-ms-editor=\"true\">Notices. Est-ce qu\u2019il faut tourner ou tirer? Alors, regardez simplement dans la notice que nous r\u00e9digeons pour vous avec plaisir et professionalisme.<\/p>\n\n<\/div>\n<\/div>\n<div  class=\"col-xs-12 col-sm-4 col-padding col-md-3 \"> <i  class=\"fa icon shadow-large-black aligncenter fa-language reverse round large color1\" data-ms-editor=\"true\"><\/i>\n<div  data-type=\"column\" class=\"\">\n<h5  class=\"\" data-ms-editor=\"true\">Language.<\/h5>\n<p  class=\"\" data-ms-editor=\"true\">Langue. La traduction et la relecture de textes en tout genre,\ndu et vers le n\u00e9erlandais,\n\nle fran\u00e7ais et l\u2019anglais.<\/p>\n\n<\/div>\n<\/div>\n<div  class=\"col-xs-12 col-sm-4 col-padding col-md-3 \"> <i  class=\"fa icon shadow-large-black aligncenter fa-cogs reverse round large color1\" data-ms-editor=\"true\"><\/i>\n<div  data-type=\"column\" class=\"\">\n<h5  class=\"\" data-ms-editor=\"true\">3D.<\/h5>\n<p  class=\"\" data-ms-editor=\"true\">Une conception professionnelle de machines, de la plus petite vis au plus grand cylindre, en nous appuyant sur des ann\u00e9es d\u2019exp\u00e9rience dans le secteur m\u00e9tallurgique.<\/p>\n\n<\/div>\n<\/div>\n<div  class=\"col-xs-12 col-sm-4 col-padding col-md-3\"> <i  class=\"fa icon shadow-large-black aligncenter fa-ellipsis-h reverse round large color1\" data-ms-editor=\"true\"><\/i>\n<div  data-type=\"column\" class=\"\">\n<h5  class=\"\" data-ms-editor=\"true\">Et plus encore\u2026<\/h5>\n<p  class=\"\" data-ms-editor=\"true\">Une affiche, une brochure?\n\nUn panneau publicitaire, un num\u00e9ro de maison, une planche \u00e0 d\u00e9couper? Faites-nous part de votre id\u00e9e et nous la dessinerons, l\u2019imprimerons, la d\u00e9couperons ou la laserons!<\/p>\n\n<\/div>\n<\/div>\n<\/div>\n<\/div>\n<\/div><div  id=\"content-13\" style=\"background-color: #f5fafd;\" data-label=\"Content\" data-id=\"content-2\" data-export-id=\"content-2\" data-category=\"content\" class=\"content-2 content-section content-section-spacing\">\n<div  class=\"\">\n<div  class=\"row middle-xs\">\n<div  class=\"col-sm-5 bg-image shadow-large-black\" data-bg=\"image\"><\/div>\n<div  class=\"col-sm-7 full-col-left-padding full-col-right-padding\">\n<div  class=\"row\">\n<div  data-type=\"column\" class=\"space-bottom-small content-title-col\">\n<h2  class=\"no-after\" data-ms-editor=\"true\">Que pouvons-nous faire pour vous?<\/h2>\n<p  class=\"\" data-ms-editor=\"true\"><span  style=\"font-family: Muli, arial, helvetica, sans-serif; font-weight: 700;\">Une conception technique en 3D, accompagn\u00e9e d\u2019une notice et d\u2019une traduction adapt\u00e9e.<\/span><span  id=\"_mce_caret\" data-mce-bogus=\"1\" data-mce-type=\"format-caret\"><span  style=\"font-family: Muli, arial, helvetica, sans-serif; font-weight: 700;\"><\/span><\/span><span  style=\"font-family: Muli, arial, helvetica, sans-serif; font-weight: 700;\"> 3 de nos talents, et pas n\u00e9cessairement dans cet ordre, en solution globale ou en mission individuelle, adapt\u00e9e \u00e0 vos souhaits !\n<br ><br >\n<\/span><br ><span  style=\"font-family: Muli, arial, helvetica, sans-serif; font-weight: 700;\">\u2022 conception de machines et\/ou de pi\u00e8ces en 3D (Solidworks)<\/span>\n\n<br ><span  style=\"font-family: Muli, arial, helvetica, sans-serif; font-weight: 700;\">\u2022 r\u00e9daction de la notice d\u2019accompagnement, pour une conception r\u00e9alis\u00e9e par nos soins ou pour une machine pour laquelle vous avez besoin de conseils \u00e9crits<\/span>\n\n<br ><span  style=\"font-family: Muli, arial, helvetica, sans-serif; font-weight: 700;\">\u2022 traduction de la notice, du et vers le n\u00e9erlandais, le fran\u00e7ais et l\u2019anglais<\/span>\n\n<br ><span  style=\"font-family: Muli, arial, helvetica, sans-serif; font-weight: 700;\">\u2022 conception graphique de documents pour le print et le web tels que des affiches, des banni\u00e8res, des brochures, \u2026 (Adobe CC : Indesign, Illustrator, Photoshop)<\/span>\n\n<br ><span  style=\"font-family: Muli, arial, helvetica, sans-serif; font-weight: 700;\">\u2022 traduction de textes commerciaux, juridiques, techniques et m\u00e9dicaux, ainsi que la relecture de vos propres documents et textes<\/span>\n\n<br ><span  style=\"font-family: Muli, arial, helvetica, sans-serif; font-weight: 700;\">\u2022 impression et d\u00e9coupe de mat\u00e9riaux divers (bois, PVC, textile\u2026), \u00e0 usage industriel ou domestique\/d\u00e9coratif (laser Trotec)<br >\n<\/span><span  style=\"font-family: Muli, arial, helvetica, sans-serif; font-weight: 700;\">\u2022 et beaucoup plus\n<br ><br ><br >\n<\/span><\/p>\n<span  id=\"_mce_caret\" data-mce-bogus=\"1\" data-mce-type=\"format-caret\" class=\"\" data-ms-editor=\"true\"><span  style=\"font-family: Muli, arial, helvetica, sans-serif; font-weight: 700;\">N\u2019h\u00e9sitez pas \u00e0 nous contacter pour tout renseignement!<\/span><\/span>\n\n<\/div>\n<\/div>\n<div  class=\"row spaced-cols \" data-type=\"row\">\n<div  class=\"col-xs-6\" data-type=\"column\"><\/div>\n<\/div>\n<\/div>\n<\/div>\n<\/div>\n<\/div><div  data-label=\"Team\" data-id=\"team--1\" data-export-id=\"team-5\" data-category=\"team\" class=\"team-5 content-section content-section-spacing\" id=\"team-1\" style=\"background-color: rgb(245, 250, 253);\">\n<div  class=\"gridContainer\">\n<div  data-section-title-area=\"true\" class=\"row text-center\">\n<div  class=\"section-title-col\" data-type=\"column\">\n<h2  class=\"\" data-ms-editor=\"true\">Qui sommes nous?<\/h2>\n<p  class=\"lead\" data-ms-editor=\"true\">Dofero BV est une petite soci\u00e9t\u00e9, dirig\u00e9e par 2 professionnels parfaitement adapt\u00e9s.<\/p>\n\n\n<\/div>\n<\/div>\n<div  class=\"row spaced-cols content-center-sm center-sm\" data-type=\"row\">\n<div  class=\"col-xs-12 col-sm-6 col-md-3 col-padding\">\n<div  class=\"row \">\n<div  data-type=\"column\" class=\"col-xs-12 col-sm-12\"> <img  decoding=\"async\" class=\"round face\" src=\"http:\/\/www.dofero.be\/wp-content\/uploads\/2023\/05\/cropped-5c2edea2-e3ec-4156-b485-d33255897464.jpg\" title=\"cropped-5c2edea2-e3ec-4156-b485-d33255897464.jpg\" alt=\"\" data-ms-editor=\"true\">\n<h4  class=\"font-500\" data-ms-editor=\"true\">Annelies Feys<\/h4>\n<p  class=\"\" data-ms-editor=\"true\">Conception technique 3D, notices, travaux laser, \u2026<\/p>\n\n<div  class=\"social-icons-group\" data-type=\"group\"> <a href=\"#\" target=\"_self\" data-reiki-hidden=\"true\" rel=\"noopener\"><i  class=\"fa icon fa-facebook-square gray\"><\/i><\/a> <a href=\"#\" target=\"_self\" data-reiki-hidden=\"true\" rel=\"noopener\"><i  class=\"fa icon fa-twitter-square gray\"><\/i><\/a> <a href=\"#\" target=\"_self\" data-reiki-hidden=\"true\" rel=\"noopener\"><i  class=\"fa icon fa-linkedin-square gray\"><\/i><\/a> <a href=\"#\" target=\"_self\" data-reiki-hidden=\"true\" rel=\"noopener\"><i  class=\"fa icon fa-google-plus-square gray\"><\/i><\/a><\/div>\n<\/div>\n<\/div>\n<\/div>\n<div  class=\"col-xs-12 col-sm-6 col-md-3 col-padding\">\n<div  class=\"row \">\n<div  data-type=\"column\" class=\"col-xs-12 col-sm-12\"> <img  decoding=\"async\" class=\"round face\" src=\"http:\/\/www.dofero.be\/wp-content\/uploads\/2023\/05\/cropped-Christof.jpg\" title=\"cropped-Christof.jpg\" alt=\"\" data-ms-editor=\"true\">\n<h4  class=\"font-500\" data-ms-editor=\"true\">Christof Roeyaert<\/h4>\n<p  class=\"\" data-ms-editor=\"true\">Traductions, relectures, conception graphique, \u2026<\/p>\n\n<div  class=\"social-icons-group\" data-type=\"group\"> <a href=\"#\" target=\"_self\" data-reiki-hidden=\"true\" rel=\"noopener\"><i  class=\"fa icon fa-facebook-square gray\"><\/i><\/a> <a href=\"#\" target=\"_self\" data-reiki-hidden=\"true\" rel=\"noopener\"><i  class=\"fa icon fa-twitter-square gray\"><\/i><\/a> <a href=\"#\" target=\"_self\" data-reiki-hidden=\"true\" rel=\"noopener\"><i  class=\"fa icon fa-linkedin-square gray\"><\/i><\/a> <a href=\"#\" target=\"_self\" data-reiki-hidden=\"true\" rel=\"noopener\"><i  class=\"fa icon fa-google-plus-square gray\"><\/i><\/a><\/div>\n<\/div>\n<\/div>\n<\/div>\n<\/div>\n<\/div>\n<\/div><div  data-label=\"Contact\" data-id=\"contact--1\" data-export-id=\"contact-6\" data-category=\"contact\" class=\"contact-5 content-section content-section-spacing\" id=\"contact-1\" style=\"background-color: rgb(255, 255, 255);\">\n<div  class=\"gridContainer\">\n<div  class=\"row text-center\">\n<div  class=\"section-title-col\" data-type=\"column\">\n<h2  class=\"\" data-ms-editor=\"true\">Contactez-nous<\/h2>\n<p  class=\"lead\" data-ms-editor=\"true\">Une question? Une id\u00e9e? Un probl\u00e8me que vous n\u2019arrivez pas \u00e0 r\u00e9soudre?\n\nN\u2019h\u00e9sitez pas \u00e0 nous le faire savoir et nous vous aiderons \u00e0 trouver une solution!<\/p>\n\n<\/div>\n<\/div>\n<div  class=\"row middle-sm\">\n<div  class=\"col-xs-12 col-sm-6 image-holder space-bottom-xs\">\n<div  data-content-shortcode=\"mesmerize_maps address=&quot;Oudstrijdersstraat 4 bus 4, 8680 Koekelare&quot; zoom=&quot;65&quot;\" data-editable=\"true\" class=\"shadow-medium\">        <div class=\"mesmerize-google-maps\" style=\"width:100%\">\n            <iframe style=\"width:100%; height:100%;min-height:inherit;display:block;\" src=\"https:\/\/maps.google.com\/maps?q=Oudstrijdersstraat%204%20bus%204,%208680%20Koekelare&#038;z=14&#038;output=embed&#038;iwloc=near\"><\/iframe>\n        <\/div>\n    <\/div>\n<\/div>\n<div  class=\"col-xs-12 col-sm-6\">\n<div  class=\"row middle-sm\">\n<div  data-type=\"column\" class=\"col-xs-12 space-bottom-small\"><\/div>\n<\/div>\n<div  class=\"row middle-sm\" data-type=\"row\">\n<div  class=\"col-xs-12 space-bottom-small\">\n<div  class=\"row\">\n<div  data-type=\"column\" class=\"col-xs-12 col-sm-fit label-col\">\n<h5  class=\"\" data-ms-editor=\"true\">Adresse:<\/h5>\n<\/div>\n<div  data-type=\"column\" class=\"col-xs-12 col-sm\">\n<p  class=\"\" data-ms-editor=\"true\">Oudstrijdersstraat 4 bus 4, 8680 Bovekerke (Koekelare)<\/p>\n\n<\/div>\n<\/div>\n<\/div>\n<div  class=\"col-xs-12 space-bottom-small\">\n<div  class=\"row\">\n<div  data-type=\"column\" class=\"col-xs-12 col-sm-fit label-col\">\n<h5  class=\"\" data-ms-editor=\"true\">T\u00e9l\u00e9phone:<\/h5>\n<\/div>\n<div  data-type=\"column\" class=\"col-xs-12 col-sm\">\n<p  class=\"\" data-ms-editor=\"true\">+32 (0)51 62 46 55\n\n<br >+32 (0)468 12 09 88 (Annelies)\n\n<br >+32 (0)476 24 51 97 (Christof)<\/p>\n\n<\/div>\n<\/div>\n<\/div>\n<div  class=\"col-xs-12 space-bottom-small\">\n<div  class=\"row\">\n<div  data-type=\"column\" class=\"col-xs-12 col-sm-fit label-col\">\n<h5  class=\"\" data-ms-editor=\"true\">E-mail:<\/h5>\n<\/div>\n<div  data-type=\"column\" class=\"col-xs-12 col-sm\"><a href=\"mailto:contact@dofero.be\" class=\"\" target=\"_self\" data-cp-link=\"1\" rel=\"noopener\">contact@dofero.be<\/a><\/div>\n<\/div>\n<\/div>\n<div  class=\"col-xs-12 space-bottom-small\">\n<div  class=\"row\">\n<div  data-type=\"column\" class=\"col-xs-12 col-sm-fit label-col\">\n<h5  class=\"\" data-ms-editor=\"true\">Suivez-nous sur:<\/h5>\n<\/div>\n<div  data-type=\"column\" class=\"col-xs-12 col-sm\">\n<div  data-type=\"group\" class=\"\"> <a href=\"https:\/\/www.linkedin.com\/company\/dofero\" target=\"_blank\" class=\"\" rel=\"noopener\"><i  class=\"fa icon fa-linkedin-square color1\"><\/i><\/a> <a href=\"https:\/\/www.facebook.com\/profile.php?id=100087330885458\" target=\"_blank\" class=\"\" rel=\"noopener\"><i  class=\"fa icon fa-facebook-square color1\"><\/i><\/a> <a href=\"#\" target=\"_self\" data-reiki-hidden=\"true\" rel=\"noopener\"><i  class=\"fa icon fa-instagram color1\"><\/i><\/a> <a href=\"#\" target=\"_self\" data-reiki-hidden=\"true\" rel=\"noopener\"><i  class=\"fa icon fa-rss color1\"><\/i><\/a><\/div>\n<\/div>\n<\/div>\n<\/div>\n<\/div>\n<\/div>\n<\/div>\n<\/div>\n<\/div>","protected":false},"excerpt":{"rendered":"<p>Ecrire. Traduire. Concevoir. 3 de nos talents, mais pas forc\u00e9ment dans cet ordre\u2026 Manuals. Notices. Est-ce qu\u2019il faut tourner ou tirer? Alors, regardez simplement dans la notice que nous r\u00e9digeons pour vous avec plaisir et professionalisme. Language. Langue. La traduction et la relecture de textes en tout genre, du et vers le n\u00e9erlandais, le fran\u00e7ais&hellip; <br \/> <a class=\"read-more\" href=\"https:\/\/www.dofero.be\/?page_id=165\">Read more<\/a><\/p>\n","protected":false},"author":1,"featured_media":0,"parent":0,"menu_order":0,"comment_status":"closed","ping_status":"closed","template":"page-templates\/homepage.php","meta":{"_eb_attr":"","footnotes":""},"class_list":["post-165","page","type-page","status-publish","hentry"],"_links":{"self":[{"href":"https:\/\/www.dofero.be\/index.php?rest_route=\/wp\/v2\/pages\/165","targetHints":{"allow":["GET"]}}],"collection":[{"href":"https:\/\/www.dofero.be\/index.php?rest_route=\/wp\/v2\/pages"}],"about":[{"href":"https:\/\/www.dofero.be\/index.php?rest_route=\/wp\/v2\/types\/page"}],"author":[{"embeddable":true,"href":"https:\/\/www.dofero.be\/index.php?rest_route=\/wp\/v2\/users\/1"}],"replies":[{"embeddable":true,"href":"https:\/\/www.dofero.be\/index.php?rest_route=%2Fwp%2Fv2%2Fcomments&post=165"}],"version-history":[{"count":21,"href":"https:\/\/www.dofero.be\/index.php?rest_route=\/wp\/v2\/pages\/165\/revisions"}],"predecessor-version":[{"id":301,"href":"https:\/\/www.dofero.be\/index.php?rest_route=\/wp\/v2\/pages\/165\/revisions\/301"}],"wp:attachment":[{"href":"https:\/\/www.dofero.be\/index.php?rest_route=%2Fwp%2Fv2%2Fmedia&parent=165"}],"curies":[{"name":"wp","href":"https:\/\/api.w.org\/{rel}","templated":true}]}}